{"id":1798,"date":"2024-07-17T11:29:38","date_gmt":"2024-07-17T15:29:38","guid":{"rendered":"https:\/\/ambiancebp.com\/services\/"},"modified":"2025-08-07T18:43:04","modified_gmt":"2025-08-07T22:43:04","slug":"services","status":"publish","type":"page","link":"https:\/\/ambiancebp.com\/en\/services\/","title":{"rendered":"Services"},"content":{"rendered":"\n<div style=\"height:40px\" aria-hidden=\"true\" class=\"wp-block-spacer\"><\/div>\n\n\n\n<div style=\"height:var(--wp--preset--spacing--50)\" aria-hidden=\"true\" class=\"wp-block-spacer\"><\/div>\n\n\n\n<div class=\"wp-block-columns are-vertically-aligned-top is-layout-flex wp-container-core-columns-is-layout-28cea120 wp-block-columns-is-layout-flex\" style=\"padding-right:var(--wp--preset--spacing--10);padding-left:var(--wp--preset--spacing--10)\">\n<div class=\"wp-block-column is-vertically-aligned-top is-layout-flow wp-block-column-is-layout-flow\" style=\"flex-basis:40%\">\n<h1 class=\"wp-block-heading\">In-store services<\/h1>\n\n\n\n<div style=\"height:30px\" aria-hidden=\"true\" class=\"wp-block-spacer\"><\/div>\n<\/div>\n\n\n\n<div class=\"wp-block-column is-vertically-aligned-top is-style-default is-layout-flow wp-block-column-is-layout-flow\" style=\"flex-basis:60%\">\n<p>Leave nothing to chance with our expert advice and showrooms. We can also refer you to an approved installer and deliver to your home or worksite.<\/p>\n<\/div>\n<\/div>\n\n\n\n<div style=\"height:31px\" aria-hidden=\"true\" class=\"wp-block-spacer\"><\/div>\n\n\n\n<div class=\"wp-block-group alignwide is-nowrap is-layout-flex wp-container-core-group-is-layout-6c531013 wp-block-group-is-layout-flex\"><div class=\"acf-block-category-cards alignwide wp-block-acf-category-cards\">\n    <div class=\"acf-block-category-cards__inner acf-block-category-cards__three-column\">\n<!-- TODO: ajouter animation hover -->\n<!-- TODO: Fix backend view -->\n<div id=\"salle-de-montre\" class=\"acf-block-category-card __double align wp-block-acf-category-card\" data-double=\"1\">\n    <div class=\"acf-block-category-card__image\"  style=\"background-image: url('https:\/\/ambiancebp.com\/wp-content\/uploads\/2024\/07\/2024524-AmbianceBP-Canon-00012-1.jpg');\"><\/div>\n            <div class=\"acf-block-category-card__content__double\">\n            <div class=\"acf-block-category-card__inner\">\n\n<h3 class=\"wp-block-heading\">Indoor and outdoor showroom<\/h3>\n\n\n\n<p class=\"has-text-align-center\">A landscaping project can be costly. That&#8217;s why we&#8217;ve built an inspiring showroom filled with interesting products.<\/p>\n\n\n<div class=\"acf-block-mini-link-arrow align wp-elements-363921b131b6156e49cdb0f6298164a3 wp-block-acf-mini-link-arrow has-text-color has-primary-color\">\n                        <a href=\"https:\/\/ambiancebp.com\/en\/contact-us\/\" target=\"\"> Plan a visit<\/a>\n                <svg width=\"12\" height=\"10\" viewBox=\"0 0 12 10\" fill=\"none\" xmlns=\"http:\/\/www.w3.org\/2000\/svg\">\n        <path style=\"fill: currentColor\" d=\"M11.8118 5.29435C11.9761 5.13285 11.9761 4.86715 11.8118 4.70565L7.14805 0.121125C6.98376 -0.0403751 6.71347 -0.0403751 6.54918 0.121125C6.38489 0.282626 6.38489 0.54832 6.54918 0.70982L10.4895 4.58322H0.488978C0.255792 4.58322 0.0650024 4.77077 0.0650024 5C0.0650024 5.22923 0.255792 5.41678 0.488978 5.41678H10.4895L6.54918 9.29018C6.38489 9.45168 6.38489 9.71737 6.54918 9.87887C6.71347 10.0404 6.98376 10.0404 7.14805 9.87887L11.8118 5.29435Z\" fill=\"#004A97\"\/>\n    <\/svg>\n<\/div>\n<\/div>\n        <\/div>\n\n    <\/div>\n\n<!-- TODO: ajouter animation hover -->\n<!-- TODO: Fix backend view -->\n<div id=\"conseils\" class=\"acf-block-category-card align wp-block-acf-category-card\" data-double=\"\">\n    <div class=\"acf-block-category-card__image\"  style=\"background-image: url('https:\/\/ambiancebp.com\/wp-content\/uploads\/2024\/07\/2024524-AmbianceBP-Canon-00023-1.png');\"><\/div>\n            <div class=\"acf-block-category-card__content\">\n            <div class=\"acf-block-category-card__inner\">\n\n<h3 class=\"wp-block-heading\"><strong>Installation tips<\/strong><\/h3>\n\n\n\n<p class=\"has-text-align-center\">Our experts will be happy to advise you on materials, installation and more.<\/p>\n\n\n<div class=\"acf-block-mini-link-arrow align wp-elements-1120e3c278647ffdd88f0391e683f173 wp-block-acf-mini-link-arrow has-text-color has-primary-color\">\n                        <a href=\"https:\/\/ambiancebp.com\/en\/contact-us\/\" target=\"\"> Schedule your consultation<\/a>\n                <svg width=\"12\" height=\"10\" viewBox=\"0 0 12 10\" fill=\"none\" xmlns=\"http:\/\/www.w3.org\/2000\/svg\">\n        <path style=\"fill: currentColor\" d=\"M11.8118 5.29435C11.9761 5.13285 11.9761 4.86715 11.8118 4.70565L7.14805 0.121125C6.98376 -0.0403751 6.71347 -0.0403751 6.54918 0.121125C6.38489 0.282626 6.38489 0.54832 6.54918 0.70982L10.4895 4.58322H0.488978C0.255792 4.58322 0.0650024 4.77077 0.0650024 5C0.0650024 5.22923 0.255792 5.41678 0.488978 5.41678H10.4895L6.54918 9.29018C6.38489 9.45168 6.38489 9.71737 6.54918 9.87887C6.71347 10.0404 6.98376 10.0404 7.14805 9.87887L11.8118 5.29435Z\" fill=\"#004A97\"\/>\n    <\/svg>\n<\/div>\n<\/div>\n        <\/div>\n    <\/div>\n\n<!-- TODO: ajouter animation hover -->\n<!-- TODO: Fix backend view -->\n<div id=\"paysagistes\" class=\"acf-block-category-card align wp-block-acf-category-card\" data-double=\"\">\n    <div class=\"acf-block-category-card__image\"  style=\"background-image: url('https:\/\/ambiancebp.com\/wp-content\/uploads\/2025\/01\/pexels-souranshi-fashion-and-lifestyle-magazine-2959920-4497545-4-1.jpg');\"><\/div>\n            <div class=\"acf-block-category-card__content\">\n            <div class=\"acf-block-category-card__inner\">\n\n<h3 class=\"wp-block-heading\"><strong>R\u00e9f\u00e9rence des meilleurs paysagistes<\/strong><\/h3>\n\n\n\n<p class=\"has-text-align-center\">Gr\u00e2ce \u00e0 notre r\u00e9seau \u00e9tendu et \u00e0 notre processus de s\u00e9lection rigoureux, nous vous connectons uniquement avec les meilleurs professionnels de votre r\u00e9gion.<\/p>\n\n\n<div class=\"acf-block-mini-link-arrow align wp-elements-d479374bf3674a72ab84697fe3088abb wp-block-acf-mini-link-arrow has-text-color has-primary-color\">\n                        <a href=\"https:\/\/ambiancebp.com\/en\/find-a-landscaper\/\" target=\"\"> Find an expert<\/a>\n                <svg width=\"12\" height=\"10\" viewBox=\"0 0 12 10\" fill=\"none\" xmlns=\"http:\/\/www.w3.org\/2000\/svg\">\n        <path style=\"fill: currentColor\" d=\"M11.8118 5.29435C11.9761 5.13285 11.9761 4.86715 11.8118 4.70565L7.14805 0.121125C6.98376 -0.0403751 6.71347 -0.0403751 6.54918 0.121125C6.38489 0.282626 6.38489 0.54832 6.54918 0.70982L10.4895 4.58322H0.488978C0.255792 4.58322 0.0650024 4.77077 0.0650024 5C0.0650024 5.22923 0.255792 5.41678 0.488978 5.41678H10.4895L6.54918 9.29018C6.38489 9.45168 6.38489 9.71737 6.54918 9.87887C6.71347 10.0404 6.98376 10.0404 7.14805 9.87887L11.8118 5.29435Z\" fill=\"#004A97\"\/>\n    <\/svg>\n<\/div>\n<\/div>\n        <\/div>\n    <\/div>\n\n<!-- TODO: ajouter animation hover -->\n<!-- TODO: Fix backend view -->\n<div id=\"livraison\" class=\"acf-block-category-card align wp-block-acf-category-card\" data-double=\"\">\n    <div class=\"acf-block-category-card__image\"  style=\"background-image: url('https:\/\/ambiancebp.com\/wp-content\/uploads\/2024\/07\/fHjl3oCA-1.jpeg');\"><\/div>\n            <div class=\"acf-block-category-card__content\">\n            <div class=\"acf-block-category-card__inner\">\n\n<h3 class=\"wp-block-heading\"><strong>Home and site delivery<\/strong><\/h3>\n\n\n\n<p class=\"has-text-align-center\">We understand that your time is valuable. That&#8217;s why we offer delivery of your orders to the location of your choice.<\/p>\n\n\n<div class=\"acf-block-mini-link-arrow align wp-elements-1120e3c278647ffdd88f0391e683f173 wp-block-acf-mini-link-arrow has-text-color has-primary-color\">\n                        <a href=\"https:\/\/ambiancebp.com\/en\/contact-us\/\" target=\"\"> Schedule your consultation<\/a>\n                <svg width=\"12\" height=\"10\" viewBox=\"0 0 12 10\" fill=\"none\" xmlns=\"http:\/\/www.w3.org\/2000\/svg\">\n        <path style=\"fill: currentColor\" d=\"M11.8118 5.29435C11.9761 5.13285 11.9761 4.86715 11.8118 4.70565L7.14805 0.121125C6.98376 -0.0403751 6.71347 -0.0403751 6.54918 0.121125C6.38489 0.282626 6.38489 0.54832 6.54918 0.70982L10.4895 4.58322H0.488978C0.255792 4.58322 0.0650024 4.77077 0.0650024 5C0.0650024 5.22923 0.255792 5.41678 0.488978 5.41678H10.4895L6.54918 9.29018C6.38489 9.45168 6.38489 9.71737 6.54918 9.87887C6.71347 10.0404 6.98376 10.0404 7.14805 9.87887L11.8118 5.29435Z\" fill=\"#004A97\"\/>\n    <\/svg>\n<\/div>\n<\/div>\n        <\/div>\n    <\/div>\n<\/div>\n<\/div>\n\n\n<p><a href=\"https:\/\/ambiancebp.com\/wp-admin\/post.php?post=808&amp;action=edit&amp;lang=fr#\"><\/a><\/p>\n<\/div>\n\n\n\n<div style=\"height:40px\" aria-hidden=\"true\" class=\"wp-block-spacer\"><\/div>\n\n\n\n<div class=\"wp-block-group alignfull has-white-color has-accent-background-color has-text-color has-background has-link-color wp-elements-1bc3009b25afc67ac9a92cd9c720a4c7 has-global-padding is-layout-constrained wp-container-core-group-is-layout-eaa3d303 wp-block-group-is-layout-constrained\" style=\"margin-top:0;margin-bottom:0;padding-top:var(--wp--preset--spacing--50);padding-right:var(--wp--preset--spacing--10);padding-bottom:var(--wp--preset--spacing--50);padding-left:var(--wp--preset--spacing--10)\">\n<div class=\"wp-block-columns alignwide are-vertically-aligned-center is-layout-flex wp-container-core-columns-is-layout-28f84493 wp-block-columns-is-layout-flex\">\n<div class=\"wp-block-column is-vertically-aligned-center is-layout-flow wp-block-column-is-layout-flow\" style=\"flex-basis:33.33%\">\n<h2 class=\"wp-block-heading\">At your service<\/h2>\n\n\n\n<p>Take advantage of our experience and know-how to help you turn your landscaping dreams into reality.<\/p>\n\n\n\n<div class=\"wp-block-buttons is-layout-flex wp-block-buttons-is-layout-flex\">\n<div class=\"wp-block-button is-style-outline is-style-outline--1\"><a class=\"wp-block-button__link has-white-color has-text-color has-link-color has-border-color has-white-border-color wp-element-button\" href=\"https:\/\/ambiancebp.com\/en\/contact-us\/\">Contact us<\/a><\/div>\n<\/div>\n<\/div>\n\n\n\n<div class=\"wp-block-column is-vertically-aligned-center is-layout-flow wp-block-column-is-layout-flow\" style=\"flex-basis:66.66%\">\n<script src=\"https:\/\/static.elfsight.com\/platform\/platform.js\" data-use-service-core defer><\/script>\n<div class=\"elfsight-app-049635c3-15cf-4527-9738-61586651a8c8\" data-elfsight-app-lazy><\/div>\n<\/div>\n<\/div>\n<\/div>\n\n\n\n<div style=\"height:40px\" aria-hidden=\"true\" class=\"wp-block-spacer\"><\/div>\n\n\n\n<div class=\"wp-block-columns alignwide is-layout-flex wp-container-core-columns-is-layout-28f84493 wp-block-columns-is-layout-flex\">\n<div class=\"wp-block-column is-layout-flow wp-block-column-is-layout-flow\" style=\"flex-basis:70%\"><div class=\"acf-block-responsive-spacer align wp-block-acf-spacer-responsive\">\n    <div class=\"acf-block-responsive-spacer__div\" style=\"--desktop-space:100px; --mobile-space:50px;\">\n    <\/div>\n<\/div>\n\n\n<h2 class=\"wp-block-heading has-text-align-center\">Frequently asked questions<\/h2>\n\n\n\n<div style=\"height:40px\" aria-hidden=\"true\" class=\"wp-block-spacer\"><\/div>\n\n\n<div class=\"acf-block-question-panel align wp-block-acf-question-panel\">\n\n                                  <article class=\"acf-block-question-panel__wrapper\">\n                <div class=\"acf-block-question-panel__button\">\n                    <h3 class=\"acf-block-question-panel__button__title\">\n                        Do you offer delivery services for your products?                    <\/h3>\n                    <svg width=\"19\" height=\"16\" viewBox=\"0 0 19 16\" fill=\"none\" xmlns=\"http:\/\/www.w3.org\/2000\/svg\">\n                        <path d=\"M18.8028 8.47095C19.0657 8.21255 19.0657 7.78744 18.8028 7.52904L11.3376 0.1938C11.0747 -0.0646002 10.642 -0.0646002 10.3791 0.1938C10.1161 0.452201 10.1161 0.877312 10.3791 1.13571L16.6862 7.33316L0.678647 7.33316C0.305391 7.33316 0 7.63324 0 8C0 8.36676 0.305391 8.66684 0.678647 8.66684L16.6862 8.66684L10.3791 14.8643C10.1161 15.1227 10.1161 15.5478 10.3791 15.8062C10.642 16.0646 11.0747 16.0646 11.3376 15.8062L18.8028 8.47095Z\" fill=\"currentColor\"\/>\n                    <\/svg>\n                <\/div>\n                <div class=\"acf-block-question-panel__content\">\n                    <p>\n                        <p><span style=\"font-weight: 400;\">Yes, we provide delivery services for all our products. Our team ensures that your orders are delivered quickly and safely to the address you specify. Delivery costs may vary according to distance and order size.<\/span><\/p>\n                    <\/p>\n                <\/div>\n            <\/article>\n\n\n                              <article class=\"acf-block-question-panel__wrapper\">\n                <div class=\"acf-block-question-panel__button\">\n                    <h3 class=\"acf-block-question-panel__button__title\">\n                        Can you install the products I buy?                    <\/h3>\n                    <svg width=\"19\" height=\"16\" viewBox=\"0 0 19 16\" fill=\"none\" xmlns=\"http:\/\/www.w3.org\/2000\/svg\">\n                        <path d=\"M18.8028 8.47095C19.0657 8.21255 19.0657 7.78744 18.8028 7.52904L11.3376 0.1938C11.0747 -0.0646002 10.642 -0.0646002 10.3791 0.1938C10.1161 0.452201 10.1161 0.877312 10.3791 1.13571L16.6862 7.33316L0.678647 7.33316C0.305391 7.33316 0 7.63324 0 8C0 8.36676 0.305391 8.66684 0.678647 8.66684L16.6862 8.66684L10.3791 14.8643C10.1161 15.1227 10.1161 15.5478 10.3791 15.8062C10.642 16.0646 11.0747 16.0646 11.3376 15.8062L18.8028 8.47095Z\" fill=\"currentColor\"\/>\n                    <\/svg>\n                <\/div>\n                <div class=\"acf-block-question-panel__content\">\n                    <p>\n                        <p><span style=\"font-weight: 400;\">We don&#8217;t offer installation services ourselves, but we do have solid relationships with the best landscapers on the South Shore of Montreal and in Boucherville. By filling in our form, we&#8217;ll put you in touch with the 3 best landscapers in your area, ensuring you receive expert advice and quality workmanship for your project.<\/span><\/p>\n<p><a href=\"https:\/\/ambiancebp.com\/en\/contact-us\/\"><span style=\"font-weight: 400;\">Find your landscaper now<\/span><\/a><\/p>\n                    <\/p>\n                <\/div>\n            <\/article>\n\n\n                              <article class=\"acf-block-question-panel__wrapper\">\n                <div class=\"acf-block-question-panel__button\">\n                    <h3 class=\"acf-block-question-panel__button__title\">\n                        Can I order your products online?                    <\/h3>\n                    <svg width=\"19\" height=\"16\" viewBox=\"0 0 19 16\" fill=\"none\" xmlns=\"http:\/\/www.w3.org\/2000\/svg\">\n                        <path d=\"M18.8028 8.47095C19.0657 8.21255 19.0657 7.78744 18.8028 7.52904L11.3376 0.1938C11.0747 -0.0646002 10.642 -0.0646002 10.3791 0.1938C10.1161 0.452201 10.1161 0.877312 10.3791 1.13571L16.6862 7.33316L0.678647 7.33316C0.305391 7.33316 0 7.63324 0 8C0 8.36676 0.305391 8.66684 0.678647 8.66684L16.6862 8.66684L10.3791 14.8643C10.1161 15.1227 10.1161 15.5478 10.3791 15.8062C10.642 16.0646 11.0747 16.0646 11.3376 15.8062L18.8028 8.47095Z\" fill=\"currentColor\"\/>\n                    <\/svg>\n                <\/div>\n                <div class=\"acf-block-question-panel__content\">\n                    <p>\n                        <p><span style=\"font-weight: 400;\">No, we voluntarily allow orders to be placed in person or by phone to ensure that you get the right product and quantity for your needs.<br \/>\nOur team is well equipped to guide you through your projects and provide personalized assistance, ensuring you make the best choices for your landscaping needs. <\/span><\/p>\n                    <\/p>\n                <\/div>\n            <\/article>\n\n\n                              <article class=\"acf-block-question-panel__wrapper\">\n                <div class=\"acf-block-question-panel__button\">\n                    <h3 class=\"acf-block-question-panel__button__title\">\n                        Can I visit your showroom to see the products?                    <\/h3>\n                    <svg width=\"19\" height=\"16\" viewBox=\"0 0 19 16\" fill=\"none\" xmlns=\"http:\/\/www.w3.org\/2000\/svg\">\n                        <path d=\"M18.8028 8.47095C19.0657 8.21255 19.0657 7.78744 18.8028 7.52904L11.3376 0.1938C11.0747 -0.0646002 10.642 -0.0646002 10.3791 0.1938C10.1161 0.452201 10.1161 0.877312 10.3791 1.13571L16.6862 7.33316L0.678647 7.33316C0.305391 7.33316 0 7.63324 0 8C0 8.36676 0.305391 8.66684 0.678647 8.66684L16.6862 8.66684L10.3791 14.8643C10.1161 15.1227 10.1161 15.5478 10.3791 15.8062C10.642 16.0646 11.0747 16.0646 11.3376 15.8062L18.8028 8.47095Z\" fill=\"currentColor\"\/>\n                    <\/svg>\n                <\/div>\n                <div class=\"acf-block-question-panel__content\">\n                    <p>\n                        <p><span style=\"font-weight: 400;\">Absolutely! We have extensive indoor and outdoor showrooms where you can explore our full range of landscaping products. Visiting our showrooms allows you to see and touch the quality of our materials, and our knowledgeable staff will be on hand to answer any questions you may have and help you choose the best products for your project. We welcome both individual customers and contractors to visit and get inspired by our presentations.<\/span><\/p>\n                    <\/p>\n                <\/div>\n            <\/article>\n\n\n                              <article class=\"acf-block-question-panel__wrapper\">\n                <div class=\"acf-block-question-panel__button\">\n                    <h3 class=\"acf-block-question-panel__button__title\">\n                        What are your opening hours?                    <\/h3>\n                    <svg width=\"19\" height=\"16\" viewBox=\"0 0 19 16\" fill=\"none\" xmlns=\"http:\/\/www.w3.org\/2000\/svg\">\n                        <path d=\"M18.8028 8.47095C19.0657 8.21255 19.0657 7.78744 18.8028 7.52904L11.3376 0.1938C11.0747 -0.0646002 10.642 -0.0646002 10.3791 0.1938C10.1161 0.452201 10.1161 0.877312 10.3791 1.13571L16.6862 7.33316L0.678647 7.33316C0.305391 7.33316 0 7.63324 0 8C0 8.36676 0.305391 8.66684 0.678647 8.66684L16.6862 8.66684L10.3791 14.8643C10.1161 15.1227 10.1161 15.5478 10.3791 15.8062C10.642 16.0646 11.0747 16.0646 11.3376 15.8062L18.8028 8.47095Z\" fill=\"currentColor\"\/>\n                    <\/svg>\n                <\/div>\n                <div class=\"acf-block-question-panel__content\">\n                    <p>\n                        <p><span style=\"font-weight: 400;\">Our opening hours are as follows:<\/span><span style=\"font-weight: 400;\"><\/p>\n<div class=\"opening-hours\"><p>Monday to Friday = 8 AM &#8211; 4 PM<br \/>\nSaturday &#8211; Sunday = Closed<\/p>\n<\/div>\n<p><span style=\"font-weight: 400;\">We are closed on Sundays and public holidays. Feel free to visit us during these hours to explore our wide range of landscaping products and speak with our knowledgeable staff.<\/span><\/p>\n                    <\/p>\n                <\/div>\n            <\/article>\n\n\n                              <article class=\"acf-block-question-panel__wrapper\">\n                <div class=\"acf-block-question-panel__button\">\n                    <h3 class=\"acf-block-question-panel__button__title\">\n                        Where are you located?                    <\/h3>\n                    <svg width=\"19\" height=\"16\" viewBox=\"0 0 19 16\" fill=\"none\" xmlns=\"http:\/\/www.w3.org\/2000\/svg\">\n                        <path d=\"M18.8028 8.47095C19.0657 8.21255 19.0657 7.78744 18.8028 7.52904L11.3376 0.1938C11.0747 -0.0646002 10.642 -0.0646002 10.3791 0.1938C10.1161 0.452201 10.1161 0.877312 10.3791 1.13571L16.6862 7.33316L0.678647 7.33316C0.305391 7.33316 0 7.63324 0 8C0 8.36676 0.305391 8.66684 0.678647 8.66684L16.6862 8.66684L10.3791 14.8643C10.1161 15.1227 10.1161 15.5478 10.3791 15.8062C10.642 16.0646 11.0747 16.0646 11.3376 15.8062L18.8028 8.47095Z\" fill=\"currentColor\"\/>\n                    <\/svg>\n                <\/div>\n                <div class=\"acf-block-question-panel__content\">\n                    <p>\n                        <p><span style=\"font-weight: 400;\">We are located at :<\/span><span style=\"font-weight: 400;\"><a href=\"https:\/\/maps.app.goo.gl\/GnzPRKyExz4GrZ246\">1600 Louis Bl\u00e9riot<\/a> (Corner of J. A. Bombardier) <\/span><span style=\"font-weight: 400;\">Boucherville, QC J4B 0K8<\/span><\/p>\n<p>\u00a0<\/p>\n<p><span style=\"font-weight: 400;\">You can easily find us and visit our indoor and outdoor showrooms to explore our wide range of landscaping products. Our knowledgeable staff is ready to assist you with any questions you may have.<\/span><\/p>\n                    <\/p>\n                <\/div>\n            <\/article>\n\n\n                              <article class=\"acf-block-question-panel__wrapper\">\n                <div class=\"acf-block-question-panel__button\">\n                    <h3 class=\"acf-block-question-panel__button__title\">\n                        How can I share my experience with AmbianceBP?                    <\/h3>\n                    <svg width=\"19\" height=\"16\" viewBox=\"0 0 19 16\" fill=\"none\" xmlns=\"http:\/\/www.w3.org\/2000\/svg\">\n                        <path d=\"M18.8028 8.47095C19.0657 8.21255 19.0657 7.78744 18.8028 7.52904L11.3376 0.1938C11.0747 -0.0646002 10.642 -0.0646002 10.3791 0.1938C10.1161 0.452201 10.1161 0.877312 10.3791 1.13571L16.6862 7.33316L0.678647 7.33316C0.305391 7.33316 0 7.63324 0 8C0 8.36676 0.305391 8.66684 0.678647 8.66684L16.6862 8.66684L10.3791 14.8643C10.1161 15.1227 10.1161 15.5478 10.3791 15.8062C10.642 16.0646 11.0747 16.0646 11.3376 15.8062L18.8028 8.47095Z\" fill=\"currentColor\"\/>\n                    <\/svg>\n                <\/div>\n                <div class=\"acf-block-question-panel__content\">\n                    <p>\n                        <p><span style=\"font-weight: 400;\">We appreciate your feedback and would love to hear about your experience with AmbianceBP. Your opinions help us improve our services and help other customers make informed decisions. Please take a moment to <a href=\"https:\/\/g.page\/r\/CajzgwwCPWO6EBM\/review\">share your experience on our Google Reviews page<\/a>.<\/span><span style=\"font-weight: 400;\"> . We welcome your ideas and opinions!<\/span><\/p>\n                    <\/p>\n                <\/div>\n            <\/article>\n\n\n                              <article class=\"acf-block-question-panel__wrapper\">\n                <div class=\"acf-block-question-panel__button\">\n                    <h3 class=\"acf-block-question-panel__button__title\">\n                        Do I need an appointment to visit the showroom?                    <\/h3>\n                    <svg width=\"19\" height=\"16\" viewBox=\"0 0 19 16\" fill=\"none\" xmlns=\"http:\/\/www.w3.org\/2000\/svg\">\n                        <path d=\"M18.8028 8.47095C19.0657 8.21255 19.0657 7.78744 18.8028 7.52904L11.3376 0.1938C11.0747 -0.0646002 10.642 -0.0646002 10.3791 0.1938C10.1161 0.452201 10.1161 0.877312 10.3791 1.13571L16.6862 7.33316L0.678647 7.33316C0.305391 7.33316 0 7.63324 0 8C0 8.36676 0.305391 8.66684 0.678647 8.66684L16.6862 8.66684L10.3791 14.8643C10.1161 15.1227 10.1161 15.5478 10.3791 15.8062C10.642 16.0646 11.0747 16.0646 11.3376 15.8062L18.8028 8.47095Z\" fill=\"currentColor\"\/>\n                    <\/svg>\n                <\/div>\n                <div class=\"acf-block-question-panel__content\">\n                    <p>\n                        <p>Although an appointment is not mandatory, we prioritize those who have one during our visits. <a href=\"https:\/\/ambiancebp.com\/nous-joindre\/\">Contact us to schedule an appointment<\/a>.<\/p>\n                    <\/p>\n                <\/div>\n            <\/article>\n\n\n           \n\n<!--    <div class=\"acf-innerblocks-container\"><\/div>-->\n<\/div><\/div>\n\n\n\n<div class=\"wp-block-column is-layout-flow wp-block-column-is-layout-flow\" style=\"flex-basis:30%\"><div class=\"acf-block-image-ABP aucun align wp-block-acf-image-abp\">\n    <div class=\"abp-image-graphic\"><\/div>\n    <div class=\"acf-block-hero-image__abp\" style=\"background-image: url('https:\/\/ambiancebp.com\/wp-content\/uploads\/2024\/07\/2024524-AmbianceBP-Drone-00012-1.jpg');\">\n\n    <\/div>\n<\/div><\/div>\n<\/div>\n\n\n\n<div style=\"height:40px\" aria-hidden=\"true\" class=\"wp-block-spacer\"><\/div>\n","protected":false},"excerpt":{"rendered":"<p>In-store services Leave nothing to chance with our expert advice and showrooms. We can also refer you to an approved installer and deliver to your home or worksite. At your service Take advantage of our experience and know-how to help you turn your landscaping dreams into reality. Frequently asked questions<\/p>\n","protected":false},"author":1,"featured_media":0,"parent":0,"menu_order":0,"comment_status":"closed","ping_status":"closed","template":"","meta":{"_acf_changed":false,"footnotes":""},"class_list":["post-1798","page","type-page","status-publish","hentry"],"acf":[],"_links":{"self":[{"href":"https:\/\/ambiancebp.com\/en\/wp-json\/wp\/v2\/pages\/1798","targetHints":{"allow":["GET"]}}],"collection":[{"href":"https:\/\/ambiancebp.com\/en\/wp-json\/wp\/v2\/pages"}],"about":[{"href":"https:\/\/ambiancebp.com\/en\/wp-json\/wp\/v2\/types\/page"}],"author":[{"embeddable":true,"href":"https:\/\/ambiancebp.com\/en\/wp-json\/wp\/v2\/users\/1"}],"replies":[{"embeddable":true,"href":"https:\/\/ambiancebp.com\/en\/wp-json\/wp\/v2\/comments?post=1798"}],"version-history":[{"count":2,"href":"https:\/\/ambiancebp.com\/en\/wp-json\/wp\/v2\/pages\/1798\/revisions"}],"predecessor-version":[{"id":3713,"href":"https:\/\/ambiancebp.com\/en\/wp-json\/wp\/v2\/pages\/1798\/revisions\/3713"}],"wp:attachment":[{"href":"https:\/\/ambiancebp.com\/en\/wp-json\/wp\/v2\/media?parent=1798"}],"curies":[{"name":"wp","href":"https:\/\/api.w.org\/{rel}","templated":true}]}}